{"id":3449,"date":"2021-07-15T13:53:05","date_gmt":"2021-07-15T11:53:05","guid":{"rendered":"https:\/\/www.steuerberaterin-huber.de\/?page_id=3449"},"modified":"2021-07-15T13:53:05","modified_gmt":"2021-07-15T11:53:05","slug":"for-companies-or-self-employed","status":"publish","type":"page","link":"https:\/\/www.steuerberaterin-huber.de\/en\/tax-consulting-fee\/for-companies-or-self-employed\/","title":{"rendered":"for companies or self-employed"},"content":{"rendered":"<h1>Request for an offer without obligation for companies or self-employed<\/h1>\n<div class=\"formangebot\"><div role=\"form\" class=\"wpcf7\" id=\"wpcf7-f3153-o1\" lang=\"de-DE\" dir=\"ltr\">\n<div class=\"screen-reader-response\"><p role=\"status\" aria-live=\"polite\" aria-atomic=\"true\"><\/p> <ul><\/ul><\/div>\n<form action=\"\/en\/wp-json\/wp\/v2\/pages\/3449#wpcf7-f3153-o1\" method=\"post\" class=\"wpcf7-form init\" novalidate=\"novalidate\" data-status=\"init\">\n<div style=\"display: none;\">\n<input type=\"hidden\" name=\"_wpcf7\" value=\"3153\" \/>\n<input type=\"hidden\" name=\"_wpcf7_version\" value=\"5.4.2\" \/>\n<input type=\"hidden\" name=\"_wpcf7_locale\" value=\"de_DE\" \/>\n<input type=\"hidden\" name=\"_wpcf7_unit_tag\" value=\"wpcf7-f3153-o1\" \/>\n<input type=\"hidden\" name=\"_wpcf7_container_post\" value=\"0\" \/>\n<input type=\"hidden\" name=\"_wpcf7_posted_data_hash\" value=\"\" \/>\n<\/div>\n<p><label> Salutation<br \/>\n     <span class=\"wpcf7-form-control-wrap menu-180\"><select name=\"menu-180\" class=\"wpcf7-form-control wpcf7-select\" aria-invalid=\"false\"><option value=\"Herr\">Herr<\/option><option value=\"Frau\">Frau<\/option><\/select><\/span><br \/>\n<\/label><\/p>\n<p><label> Firstname<br \/>\n    <span class=\"wpcf7-form-control-wrap vorname\"><input type=\"text\" name=\"vorname\" value=\"\" size=\"40\" class=\"wpcf7-form-control wpcf7-text\" aria-invalid=\"false\" \/><\/span> <\/label><\/p>\n<p><label> Lastname<br \/>\n    <span class=\"wpcf7-form-control-wrap nachname\"><input type=\"text\" name=\"nachname\" value=\"\" size=\"40\" class=\"wpcf7-form-control wpcf7-text\" aria-invalid=\"false\" \/><\/span> <\/label><\/p>\n<p><label> E-Mail*<br \/>\n    <span class=\"wpcf7-form-control-wrap email-adresse\"><input type=\"email\" name=\"email-adresse\" value=\"\" size=\"40\" class=\"wpcf7-form-control wpcf7-text wpcf7-email wpcf7-validates-as-required wpcf7-validates-as-email\" aria-required=\"true\" aria-invalid=\"false\" \/><\/span> <\/label><\/p>\n<p><label> Phone<br \/>\n     <span class=\"wpcf7-form-control-wrap tel-154\"><input type=\"tel\" name=\"tel-154\" value=\"\" size=\"40\" class=\"wpcf7-form-control wpcf7-text wpcf7-tel wpcf7-validates-as-tel\" aria-invalid=\"false\" \/><\/span> <\/label><\/p>\n<p><label> Type of trade:<br \/>\n     <span class=\"wpcf7-form-control-wrap Gewerbe\"><input type=\"text\" name=\"Gewerbe\" value=\"\" size=\"40\" class=\"wpcf7-form-control wpcf7-text\" aria-invalid=\"false\" \/><\/span><\/label><\/p>\n<p><use_label_element> Legal form:<br \/>\n<span class=\"wpcf7-form-control-wrap WelcheRechtsform\"><select name=\"WelcheRechtsform\" class=\"wpcf7-form-control wpcf7-select\" aria-invalid=\"false\"><option value=\"Sole proprietorship\">Sole proprietorship<\/option><option value=\"GmbH\">GmbH<\/option><option value=\"UG\">UG<\/option><option value=\"GbR\">GbR<\/option><option value=\"OHG\">OHG<\/option><option value=\"GmbH &amp; Co.KG\">GmbH &amp; Co.KG<\/option><\/select><\/span> <\/use_label_element><\/p>\n<p><label> Type of the free profession, if no trade:<br \/>\n     <span class=\"wpcf7-form-control-wrap freierberuf\"><input type=\"text\" name=\"freierberuf\" value=\"\" size=\"40\" class=\"wpcf7-form-control wpcf7-text\" aria-invalid=\"false\" \/><\/span><\/label><\/p>\n<p><use_label_element>Small entrepreneur \u00a7 19 UStG (up to 22.000 \u20ac annual turnover):<br \/>\n<span class=\"wpcf7-form-control-wrap Kleinunternehmer\"><span class=\"wpcf7-form-control wpcf7-radio\"><span class=\"wpcf7-list-item first\"><input type=\"radio\" name=\"Kleinunternehmer\" value=\"Yes\" checked=\"checked\" \/><span class=\"wpcf7-list-item-label\">Yes<\/span><\/span><span class=\"wpcf7-list-item last\"><input type=\"radio\" name=\"Kleinunternehmer\" value=\"No\" \/><span class=\"wpcf7-list-item-label\">No<\/span><\/span><\/span><\/span><\/use_label_element><\/p>\n<p><use_label_element>Do you show sales tax in your outgoing invoices?:<br \/>\n<span class=\"wpcf7-form-control-wrap Ausgangsrechnungen\"><span class=\"wpcf7-form-control wpcf7-radio\"><span class=\"wpcf7-list-item first\"><input type=\"radio\" name=\"Ausgangsrechnungen\" value=\"Yes\" checked=\"checked\" \/><span class=\"wpcf7-list-item-label\">Yes<\/span><\/span><span class=\"wpcf7-list-item last\"><input type=\"radio\" name=\"Ausgangsrechnungen\" value=\"No\" \/><span class=\"wpcf7-list-item-label\">No<\/span><\/span><\/span><\/span><\/use_label_element><\/p>\n<p><label> Year of foundation:<br \/>\n     <span class=\"wpcf7-form-control-wrap Gruendungsjahr\"><input type=\"text\" name=\"Gruendungsjahr\" value=\"\" size=\"40\" class=\"wpcf7-form-control wpcf7-text\" aria-invalid=\"false\" \/><\/span><\/label><\/p>\n<p><label> Net annual turnover in \u20ac:<br \/>\n     <span class=\"wpcf7-form-control-wrap Jahresumsatz\"><input type=\"text\" name=\"Jahresumsatz\" value=\"\" size=\"40\" class=\"wpcf7-form-control wpcf7-text\" aria-invalid=\"false\" \/><\/span><\/label><\/p>\n<p><label> Annual net profit\/loss (-) in \u20ac expected:<br \/>\n     <span class=\"wpcf7-form-control-wrap Jahresfehlbetrag\"><input type=\"text\" name=\"Jahresfehlbetrag\" value=\"\" size=\"40\" class=\"wpcf7-form-control wpcf7-text\" aria-invalid=\"false\" \/><\/span><\/label><\/p>\n<h3>Which service is desired?<\/h3>\n<p><use_label_element><span class=\"form-subhead\">Financial accounting: <\/span><br \/>\n<span class=\"wpcf7-form-control-wrap radio-768\"><span class=\"wpcf7-form-control wpcf7-radio\"><span class=\"wpcf7-list-item first\"><label><input type=\"radio\" name=\"radio-768\" value=\"Yes\" checked=\"checked\" \/><span class=\"wpcf7-list-item-label\">Yes<\/span><\/label><\/span><span class=\"wpcf7-list-item last\"><label><input type=\"radio\" name=\"radio-768\" value=\"No\" \/><span class=\"wpcf7-list-item-label\">No<\/span><\/label><\/span><\/span><\/span><br \/>\n<span class=\"wpcf7-form-control-wrap Finanzbuchhaltung\"><span class=\"wpcf7-form-control wpcf7-checkbox\"><span class=\"wpcf7-list-item first\"><input type=\"checkbox\" name=\"Finanzbuchhaltung[]\" value=\"Digital or\" \/><span class=\"wpcf7-list-item-label\">Digital or<\/span><\/span><span class=\"wpcf7-list-item last\"><input type=\"checkbox\" name=\"Finanzbuchhaltung[]\" value=\"Pendulum file\/document dispatch\" \/><span class=\"wpcf7-list-item-label\">Pendulum file\/document dispatch<\/span><\/span><\/span><\/span><\/use_label_element><\/p>\n<p><use_label_element><span class=\"form-subhead\">Payroll accounting:  <\/span><br \/>\n<span class=\"wpcf7-form-control-wrap radio-769\"><span class=\"wpcf7-form-control wpcf7-radio\"><span class=\"wpcf7-list-item first\"><label><input type=\"radio\" name=\"radio-769\" value=\"Yes\" checked=\"checked\" \/><span class=\"wpcf7-list-item-label\">Yes<\/span><\/label><\/span><span class=\"wpcf7-list-item last\"><label><input type=\"radio\" name=\"radio-769\" value=\"No\" \/><span class=\"wpcf7-list-item-label\">No<\/span><\/label><\/span><\/span><\/span><br \/>\n<label><span class=\"wpcf7-form-control-wrap Arbeitnehmer\"><input type=\"text\" name=\"Arbeitnehmer\" value=\"\" size=\"40\" class=\"wpcf7-form-control wpcf7-text input-float\" aria-invalid=\"false\" \/><\/span> Number of employees,<\/label><br \/>\n<label><span class=\"wpcf7-form-control-wrap AnzahlFestlohn\"><input type=\"text\" name=\"AnzahlFestlohn\" value=\"\" size=\"40\" class=\"wpcf7-form-control wpcf7-text input-float\" aria-invalid=\"false\" \/><\/span> thereof Number of fixed salary<\/label><br \/>\n<label><span class=\"wpcf7-form-control-wrap AnzahlStundenlohn\"><input type=\"text\" name=\"AnzahlStundenlohn\" value=\"\" size=\"40\" class=\"wpcf7-form-control wpcf7-text input-float\" aria-invalid=\"false\" \/><\/span> Number of hourly wage accounting<\/label><br \/>\n<label><span class=\"wpcf7-form-control-wrap AnzahlMini\"><input type=\"text\" name=\"AnzahlMini\" value=\"\" size=\"40\" class=\"wpcf7-form-control wpcf7-text input-float\" aria-invalid=\"false\" \/><\/span> Number of mini-jobbers\/glide zone<\/label><br \/>\n<label><span class=\"wpcf7-form-control-wrap Anzahlvariabel\"><input type=\"text\" name=\"Anzahlvariabel\" value=\"\" size=\"40\" class=\"wpcf7-form-control wpcf7-text input-float\" aria-invalid=\"false\" \/><\/span> Number of fixed salary with variable components<\/label><\/use_label_element><\/p>\n<p><use_label_element><span class=\"form-subhead\">Surplus income statement and tax returns:<\/span><\/p>\n<p>     <span class=\"wpcf7-form-control-wrap radio-766\"><span class=\"wpcf7-form-control wpcf7-radio\"><span class=\"wpcf7-list-item first\"><label><input type=\"radio\" name=\"radio-766\" value=\"Yes\" checked=\"checked\" \/><span class=\"wpcf7-list-item-label\">Yes<\/span><\/label><\/span><span class=\"wpcf7-list-item last\"><label><input type=\"radio\" name=\"radio-766\" value=\"No\" \/><span class=\"wpcf7-list-item-label\">No<\/span><\/label><\/span><\/span><\/span><\/use_label_element><\/p>\n<p><use_label_element><span class=\"form-subhead\">or balance sheet\/annual accounts and tax returns:<\/span><\/p>\n<p>      <span class=\"wpcf7-form-control-wrap radio-767\"><span class=\"wpcf7-form-control wpcf7-radio\"><span class=\"wpcf7-list-item first\"><label><input type=\"radio\" name=\"radio-767\" value=\"Yes\" checked=\"checked\" \/><span class=\"wpcf7-list-item-label\">Yes<\/span><\/label><\/span><span class=\"wpcf7-list-item last\"><label><input type=\"radio\" name=\"radio-767\" value=\"No\" \/><span class=\"wpcf7-list-item-label\">No<\/span><\/label><\/span><\/span><\/span><\/use_label_element><\/p>\n<p><label> Expected balance sheet total, possibly according to the last balance sheet, if known:<br \/>\n     <span class=\"wpcf7-form-control-wrap Bilanzsumme\"><input type=\"text\" name=\"Bilanzsumme\" value=\"\" size=\"40\" class=\"wpcf7-form-control wpcf7-text\" aria-invalid=\"false\" \/><\/span><\/label><\/p>\n<h3>Information on further income from:<\/h3>\n<p><label>Gross wage per taxpayer<br \/>\n     <span class=\"wpcf7-form-control-wrap Bruttoarbeitslohn\"><input type=\"text\" name=\"Bruttoarbeitslohn\" value=\"\" size=\"40\" class=\"wpcf7-form-control wpcf7-text\" aria-invalid=\"false\" \/><\/span><\/label><\/p>\n<p><label>Rental (rental income per property)<br \/>\n     <span class=\"wpcf7-form-control-wrap Vermietung\"><input type=\"text\" name=\"Vermietung\" value=\"\" size=\"40\" class=\"wpcf7-form-control wpcf7-text\" aria-invalid=\"false\" \/><\/span><\/label><\/p>\n<p><label>Pensions (amount of income)<br \/>\n     <span class=\"wpcf7-form-control-wrap Renten\"><input type=\"text\" name=\"Renten\" value=\"\" size=\"40\" class=\"wpcf7-form-control wpcf7-text\" aria-invalid=\"false\" \/><\/span><\/label><\/p>\n<p><label>Investment income (amount)<br \/>\n     <span class=\"wpcf7-form-control-wrap Kapitalertraegen\"><input type=\"text\" name=\"Kapitalertraegen\" value=\"\" size=\"40\" class=\"wpcf7-form-control wpcf7-text\" aria-invalid=\"false\" \/><\/span><\/label><\/p>\n<p><label>Other income<br \/>\n     <span class=\"wpcf7-form-control-wrap Sonstige\"><input type=\"text\" name=\"Sonstige\" value=\"\" size=\"40\" class=\"wpcf7-form-control wpcf7-text\" aria-invalid=\"false\" \/><\/span><\/label><\/p>\n<p><label>Other communications<br \/>\n<span class=\"wpcf7-form-control-wrap mitteilung\"><textarea name=\"mitteilung\" cols=\"40\" rows=\"10\" class=\"wpcf7-form-control wpcf7-textarea\" aria-invalid=\"false\"><\/textarea><\/span><\/label><\/p>\n<p><span class=\"wpcf7-form-control-wrap steuerberaterstundensatz\"><span class=\"wpcf7-form-control wpcf7-acceptance\"><span class=\"wpcf7-list-item\"><input type=\"checkbox\" name=\"steuerberaterstundensatz\" value=\"1\" aria-invalid=\"false\" \/><\/span><\/span><\/span> YES, I agree to the sending of a fee offer.*<\/p>\n<p>Alexia Huber & Partner verpflichtet sich, Ihre Privatsph\u00e4re zu sch\u00fctzen. Aus diesem Grund ben\u00f6tigen wir von Ihnen die Zustimmung zur Kontaktaufnahme im Rahmen der Anfrage.*<\/p>\n<p><label><span class=\"wpcf7-form-control-wrap contact-allow\"><span class=\"wpcf7-form-control wpcf7-acceptance\"><span class=\"wpcf7-list-item\"><input type=\"checkbox\" name=\"contact-allow\" value=\"1\" aria-invalid=\"false\" \/><\/span><\/span><\/span> I agree to be contacted by Alexia Huber & Partner via e-mail or telephone in the context of my inquiry.<\/label><\/p>\n<p>Data protection*<\/p>\n<p><label><span class=\"wpcf7-form-control-wrap data-protection\"><span class=\"wpcf7-form-control wpcf7-acceptance\"><span class=\"wpcf7-list-item\"><input type=\"checkbox\" name=\"data-protection\" value=\"1\" aria-invalid=\"false\" \/><\/span><\/span><\/span> I hereby give my consent to the collection and use of my above-entered data in accordance with our privacy policy.<\/label><\/p>\n<p>The fields marked with * are mandatory!<\/p>\n<p><input type=\"submit\" value=\"Submit\" class=\"wpcf7-form-control wpcf7-submit\" \/><\/p>\n<div class=\"wpcf7-response-output\" aria-hidden=\"true\"><\/div><\/form><\/div><\/div>\n","protected":false},"excerpt":{"rendered":"<p>Request for an offer without obligation for companies or self-employed<\/p>\n","protected":false},"author":7,"featured_media":0,"parent":3362,"menu_order":0,"comment_status":"closed","ping_status":"closed","template":"","meta":[],"_links":{"self":[{"href":"https:\/\/www.steuerberaterin-huber.de\/en\/wp-json\/wp\/v2\/pages\/3449"}],"collection":[{"href":"https:\/\/www.steuerberaterin-huber.de\/en\/wp-json\/wp\/v2\/pages"}],"about":[{"href":"https:\/\/www.steuerberaterin-huber.de\/en\/wp-json\/wp\/v2\/types\/page"}],"author":[{"embeddable":true,"href":"https:\/\/www.steuerberaterin-huber.de\/en\/wp-json\/wp\/v2\/users\/7"}],"replies":[{"embeddable":true,"href":"https:\/\/www.steuerberaterin-huber.de\/en\/wp-json\/wp\/v2\/comments?post=3449"}],"version-history":[{"count":0,"href":"https:\/\/www.steuerberaterin-huber.de\/en\/wp-json\/wp\/v2\/pages\/3449\/revisions"}],"up":[{"embeddable":true,"href":"https:\/\/www.steuerberaterin-huber.de\/en\/wp-json\/wp\/v2\/pages\/3362"}],"wp:attachment":[{"href":"https:\/\/www.steuerberaterin-huber.de\/en\/wp-json\/wp\/v2\/media?parent=3449"}],"curies":[{"name":"wp","href":"https:\/\/api.w.org\/{rel}","templated":true}]}}