{"id":2900,"date":"2020-04-30T21:53:35","date_gmt":"2020-04-30T19:53:35","guid":{"rendered":"https:\/\/www.steuerberaterin-huber.de\/?page_id=2900"},"modified":"2026-01-21T15:23:30","modified_gmt":"2026-01-21T14:23:30","slug":"services","status":"publish","type":"page","link":"https:\/\/www.steuerberaterin-huber.de\/en\/services\/","title":{"rendered":"Services"},"content":{"rendered":"<div id=\"pl-2900\"  class=\"panel-layout\" ><div id=\"pg-2900-0\"  class=\"panel-grid panel-has-style\" ><div class=\"panel-row-style panel-row-style-for-2900-0\" ><div id=\"pgc-2900-0-0\"  class=\"panel-grid-cell\" ><div id=\"panel-2900-0-0-0\" class=\"so-panel widget widget_sow-editor panel-first-child panel-last-child\" data-index=\"0\" ><div class=\"so-widget-sow-editor so-widget-sow-editor-base\">\n<div class=\"siteorigin-widget-tinymce textwidget\">\n\t<p>&nbsp;<\/p>\n<h1>Umfassende Steuerberatung in M\u00fcnchen<\/h1>\n<h2 id=\"unternehmen\" class=\"farbe\" style=\"margin-top: 20px;\">Tax services for companies<\/h2>\n<\/div>\n<\/div><\/div><\/div><\/div><\/div><div id=\"pg-2900-1\"  class=\"panel-grid panel-no-style\" ><div id=\"pgc-2900-1-0\"  class=\"panel-grid-cell\" ><div id=\"panel-2900-1-0-0\" class=\"widget_text so-panel widget widget_custom_html panel-first-child panel-last-child\" data-index=\"1\" ><div class=\"textwidget custom-html-widget\"><div class=\"row slick-leistungen\">\n<div class=\"col-xl-4 col-lg-4 col-md-6 col-sm-6 col-xs-12\" style=\"min-height:300px\">\n<div class=\"service-box\"  style=\"min-height:250px\">\n<h3 class=\"farbe\" style=\"text-align: center;\"><a href=\"\/en\/tax-consultancy\/\">Tax consultancy<\/a><\/h3>\n<p style=\"text-align: center;\">We advise you on all tax issues to minimize the tax burden for entrepreneurs<\/p>\n<p style=\"text-align: center;margin-top:20px;\"><a class=\"skew-btn1\" href=\"\/en\/tax-consultancy\/\"><span class=\"skew-fix\">to tax consulting<\/span>\n<\/a><\/p>\n<\/div>\t\n<\/div>\n<div class=\"col-xl-4 col-lg-4 col-md-6 col-sm-6 col-xs-12\" style=\"min-height:300px\">\n<div class=\"service-box\"  style=\"min-height:250px\">\n<h3 class=\"farbe\" style=\"text-align: center;\"><a href=\"\/en\/accounting-bookkeeping-and-annual-accounts\/\">Accounting &amp; Annual Accounts<\/a><\/h3>\n<p style=\"text-align: center;\">As an innovative partner, we support you in bookkeeping, bookkeeping or digital voucher booking.<\/p>\n<p style=\"text-align: center;margin-top:20px;\"><a class=\"skew-btn1\" href=\"\/en\/accounting-bookkeeping-and-annual-accounts\/\"><span class=\"skew-fix\">to the accounting<\/span>\n<\/a><\/p>\n<\/div>\n<\/div>\t\n<div class=\"col-xl-4 col-lg-4 col-md-6 col-sm-6 col-xs-12\" style=\"min-height:300px\">\n<div class=\"service-box\"   style=\"min-height:250px\">\n<h3 class=\"farbe\" style=\"text-align: center;\"><a href=\"\/en\/tax-declaration\/\">Tax returns<\/a><\/h3>\n<p style=\"text-align: center;\">We prepare tax returns for entrepreneurs and provide you with competent advice on all tax issues.<\/p>\n<p style=\"text-align: center;margin-top:20px;\"><a class=\"skew-btn1\" href=\"\/en\/tax-declaration\/\"><span class=\"skew-fix\">to the tax return<\/span>\n<\/a><\/p>\n<\/div>\t\n<\/div>\t\n<div class=\"col-xl-4 col-lg-4 col-md-6 col-sm-6 col-xs-12\" style=\"min-height:300px\">\n<div class=\"service-box\" style=\"min-height:250px\">\n<h3 class=\"farbe\" style=\"text-align: center;\"><a href=\"\/en\/international-tax-law\/\">International tax law<\/a><\/h3>\n<p style=\"text-align: center;\">For cross-border commuters and international activities, we provide comprehensive advice<\/p>\n<p style=\"text-align: center;margin-top:20px;\"><a class=\"skew-btn1\" href=\"\/en\/international-tax-law\/\"><span class=\"skew-fix\">to international tax law<\/span>\n<\/a><\/p>\n<\/div>\t\n<\/div>\n<div class=\"col-xl-4 col-lg-4 col-md-6 col-sm-6 col-xs-12\" style=\"min-height:300px\">\n<div class=\"service-box\" style=\"min-height:250px\">\n<h3 class=\"farbe\" style=\"text-align: center;\"><a href=\"\/en\/business-start-up\/\">Business start-up<\/a><\/h3>\n<p style=\"text-align: center;\">We support you in your step into self-employment with comprehensive advice<\/p>\n<p style=\"text-align: center;margin-top:20px;\"><a class=\"skew-btn1\" href=\"\/en\/business-start-up\/\"><span class=\"skew-fix\">to start your own business<\/span>\n<\/a><\/p>\n<\/div>\t\n<\/div>\n<div class=\"col-xl-4 col-lg-4 col-md-6 col-sm-6 col-xs-12\" style=\"min-height:300px\">\n<div class=\"service-box\" style=\"min-height:250px\">\n<h3 style=\"text-align: center;\"><a href=\"\/en\/business-consultancy\/\">Business consultancy<\/a><\/h3>\n<p style=\"text-align: center;\">We advise you comprehensively on all business topics from financing to company succession.<\/p>\n<p style=\"text-align: center;margin-top:20px;\"><a class=\"skew-btn1\" href=\"\/en\/business-consultancy\/\"><span class=\"skew-fix\">to the business consultancy<\/span>\n<\/a><\/p>\n<\/div>\t\n<\/div>\n<div class=\"col-xl-4 col-lg-4 col-md-6 col-sm-6 col-xs-12\" style=\"min-height:300px\">\n<div class=\"service-box\" style=\"min-height:250px\">\n<h3 class=\"farbe\" style=\"text-align: center;\"><a href=\"\/en\/expert-opinion-advice-information\/\">Expert opinion, advice, information<\/a><\/h3>\n<p style=\"text-align: center;\">We are at your disposal, to assist you comprehensively and competently with words and deeds, also in English.<\/p>\n<p style=\"text-align: center;margin-top:20px;\"><a class=\"skew-btn1\" href=\"\/en\/expert-opinion-advice-information\/\"><span class=\"skew-fix\">to the expertises & information<\/span>\n<\/a><\/p>\n<\/div>\t\n<\/div>\n<\/div>\n\n<h2 id=\"privat\" class=\"farbe\" style=\"margin-top:25px;margin-bottom:30px;\">\n\tTax services for private individuals\n<\/h2>\n<div class=\"row slick-leistungen\">\n\t<div class=\"col-xl-4 col-lg-4 col-md-6 col-sm-6 col-xs-12\" style=\"min-height:300px\">\n\t\t<div class=\"service-box\" style=\"min-height:250px\">\n\t\t<h3 class=\"farbe\" style=\"text-align: center;\"><a href=\"\/en\/tax-consultancy\/\">Tax consultancy<\/a><\/h3>\n\t\t<p style=\"text-align: center;\">We advise you on all tax issues to minimise the tax burden for private individuals and cross-border commuters.<\/p>\n\t\t<p style=\"text-align: center;margin-top:20px;\"><a class=\"skew-btn1\" href=\"\/en\/tax-consultancy\/\"><span class=\"skew-fix\">to tax consulting<\/span>\n\t\t<\/a><\/p>\n\t\t<\/div>\t\n\t<\/div>\n\t<div class=\"col-xl-4 col-lg-4 col-md-6 col-sm-6 col-xs-12\" style=\"min-height:300px\">\n\t\t<div class=\"service-box\" style=\"min-height:250px\">\n\t\t<h3 class=\"farbe\" style=\"text-align: center;\"><a href=\"\/en\/tax-declaration\/\">Tax returns<\/a><\/h3>\n\t\t<p style=\"text-align: center;\">We prepare tax returns for employees and advise you competently in all tax matters<\/p>\n\t\t<p style=\"text-align: center;margin-top:20px;\"><a class=\"skew-btn1\" href=\"\/en\/tax-declaration\/\"><span class=\"skew-fix\">to the tax return<\/span>\n\t\t<\/a><\/p>\n\t\t<\/div>\t\n\t<\/div>\t\n\t<div class=\"col-xl-4 col-lg-4 col-md-6 col-sm-6 col-xs-12\" style=\"min-height:300px\">\n\t\t<div class=\"service-box\" style=\"min-height:250px\">\n\t\t<h3 class=\"farbe\" style=\"text-align: center;\"><a href=\"\/en\/international-tax-law\/\">International tax law<\/a><\/h3>\n\t\t<p style=\"text-align: center;\">For border crossers and international activities, we can advise you comprehensively on international tax law<\/p>\n\t\t<p style=\"text-align: center;margin-top:20px;\"><a class=\"skew-btn1\" href=\"\/en\/international-tax-law\/\"><span class=\"skew-fix\">to International tax law<\/span>\n\t\t<\/a><\/p>\n\t\t<\/div>\t\n\t<\/div>\n\t<div class=\"col-xl-4 col-lg-4 col-md-6 col-sm-6 col-xs-12\" style=\"min-height:300px\">\n\t\t<div class=\"service-box\" style=\"min-height:250px\">\n\t\t<h3 class=\"farbe\" style=\"text-align: center;\"><a href=\"\/en\/expert-opinion-advice-information\/\">Expert opinion, advice, information<\/a><\/h3>\n\t\t<p style=\"text-align: center;\">We are at your disposal to assist  comprehensively and competently with words and deeds, also in English.<\/p>\n\t\t<p style=\"text-align: center;margin-top:20px;\"><a class=\"skew-btn1\" href=\"\/en\/expert-opinion-advice-information\/\"><span class=\"skew-fix\">to the expertises & information<\/span>\n\t\t<\/a><\/p>\n\t\t<\/div>\t\n\t<\/div>\n\t<div class=\"col-xl-4 col-lg-4 col-md-6 col-sm-6 col-xs-12\" style=\"min-height:300px\">\n\t\t<div class=\"service-box\" style=\"min-height:250px\">\n\t\t<h3 class=\"farbe\" style=\"text-align: center;\"><a href=\"\/en\/services\/inheritance-of-property\/\">Inheritance of property<\/a><\/h3>\n\t\t<p style=\"text-align: center;\">We provide you with competent support on the subject of inheritance tax on real estate. Of course also in English<\/p>\n\t\t<p style=\"text-align: center;margin-top:20px;\"><a class=\"skew-btn1\" href=\"\/en\/services\/inheritance-of-property\/\"><span class=\"skew-fix\">to inheritance of property<\/span>\n\t\t<\/a><\/p>\n\t\t<\/div>\t\n\t<\/div>\n<\/div><\/div><\/div><\/div><\/div><div id=\"pg-2900-2\"  class=\"panel-grid panel-has-style\" ><div class=\"siteorigin-panels-stretch panel-row-style panel-row-style-for-2900-2\" data-stretch-type=\"full\" ><div id=\"pgc-2900-2-0\"  class=\"panel-grid-cell\" ><div id=\"panel-2900-2-0-0\" class=\"so-panel widget widget_sow-editor panel-first-child panel-last-child\" data-index=\"2\" ><div class=\"so-widget-sow-editor so-widget-sow-editor-base\">\n<div class=\"siteorigin-widget-tinymce textwidget\">\n\t<p>\t<img src=\"https:\/\/www.steuerberaterin-huber.de\/wp-content\/uploads\/2018\/01\/datevlogo.png\" alt=\"\"><\/p>\n<\/div>\n<\/div><\/div><\/div><div id=\"pgc-2900-2-1\"  class=\"panel-grid-cell\" ><div id=\"panel-2900-2-1-0\" class=\"so-panel widget widget_sow-editor panel-first-child panel-last-child\" data-index=\"3\" ><div class=\"so-widget-sow-editor so-widget-sow-editor-base\">\n<div class=\"siteorigin-widget-tinymce textwidget\">\n\t<p>&nbsp;<\/p>\n<h2 style=\"color: white; margin-bottom: 20px;\">Online-Buchf\u00fchrung \/ digitales Belegbuchen<\/h2>\n<p style=\"color: white;\">Wir \u00fcbernehmen die l\u00fcckenlose, sorgf\u00e4ltige und p\u00fcnktliche Erledigung aller Buchhaltungsarbeiten einschlie\u00dflich der Umsatzsteuer-Voranmeldungen. Im Zuge der Digitalisierung bietet die von uns angewandte DATEV- Software \"Unternehmen online\" unkomplizierte Methoden, zum Erfassen aller Belege und zur Erstellung einer Onlinebuchhaltung. Bei Selbstbuchern \u00fcbernehmen wir ihre Daten und spielen diese bei uns ein.<\/p>\n<p><a class=\"skew-btn\" style=\"margin-top: 20px;\" href=\"https:\/\/www.steuerberaterin-huber.de\/leistungen\/buchfuehrung-online-digitales-belegbuchen\/\"><span class=\"skew-fix\">zum Buchhaltungsservice<\/span><\/a><\/p>\n<\/div>\n<\/div><\/div><\/div><\/div><\/div><div id=\"pg-2900-3\"  class=\"panel-grid panel-has-style\" ><div class=\"panel-row-style panel-row-style-for-2900-3\" ><div id=\"pgc-2900-3-0\"  class=\"panel-grid-cell\" ><div id=\"panel-2900-3-0-0\" class=\"so-panel widget widget_sow-editor panel-first-child panel-last-child\" data-index=\"4\" ><div class=\"so-widget-sow-editor so-widget-sow-editor-base\">\n<div class=\"siteorigin-widget-tinymce textwidget\">\n\t<p>&nbsp;<\/p>\n<h2 class=\"farbe\">Wir stehen Ihnen mit Rat und Tat zur Seite<\/h2>\n<h3 class=\"farbe\">Kontaktieren Sie uns einfach \u00fcber unser Kontaktformular oder rufen Sie uns an<\/h3>\n<p>Leistung und Gegenleistung im Rahmen der <strong>Steuerberatung<\/strong> und <strong>Unternehmensberatung<\/strong> sowie der Beratung bei <strong>Existenzgr\u00fcndung<\/strong> sollen in Einklang stehen. Wir beraten Sie gerne.<\/p>\n<p>Die Zufriedenheit unserer Mandanten ist oberste Pr\u00e4misse. Gemeinsam pr\u00fcfen wir in einem <strong>Erstberatungsgespr\u00e4ch<\/strong> Ihre steuerliche Situation und beraten Sie individuell zu Ihren steuerlichen Themen. Kontaktieren Sie uns \u00fcber unser Erstberatungsformular.<\/p>\n<\/div>\n<\/div><\/div><\/div><div id=\"pgc-2900-3-1\"  class=\"panel-grid-cell\" ><div id=\"panel-2900-3-1-0\" class=\"so-panel widget widget_media_image panel-first-child panel-last-child\" data-index=\"5\" ><img width=\"270\" height=\"300\" src=\"https:\/\/www.steuerberaterin-huber.de\/wp-content\/uploads\/2022\/02\/steuerkanzlei_alexia_huber_uwe_doernbrack-270x300.png\" class=\"image wp-image-3614  attachment-medium size-medium\" alt=\"\" style=\"max-width: 100%; height: auto;\" srcset=\"https:\/\/www.steuerberaterin-huber.de\/wp-content\/uploads\/2022\/02\/steuerkanzlei_alexia_huber_uwe_doernbrack-270x300.png 270w, https:\/\/www.steuerberaterin-huber.de\/wp-content\/uploads\/2022\/02\/steuerkanzlei_alexia_huber_uwe_doernbrack.png 600w\" sizes=\"(max-width: 270px) 100vw, 270px\" \/><\/div><\/div><\/div><\/div><div id=\"pg-2900-4\"  class=\"panel-grid panel-no-style\" ><div id=\"pgc-2900-4-0\"  class=\"panel-grid-cell\" ><div id=\"panel-2900-4-0-0\" class=\"so-panel widget widget_sow-editor panel-first-child panel-last-child\" data-index=\"6\" ><div class=\"so-widget-sow-editor so-widget-sow-editor-base\">\n<div class=\"siteorigin-widget-tinymce textwidget\">\n\t<p>\t<span class=\"button-row\"><br \/>\n<a class=\"skew-btn1\" href=\"tel:+4989121932800\"><span class=\"skew-fix\"><i class=\"icon dripicons-phone hvr-buzz-out\" style=\"margin-top:-5px;padding-right: 5px;\"><\/i> 089 \/ 12 19 32 8 00<\/span><\/a><br \/>\n<\/span><span class=\"button-row\"><br \/>\n<a class=\"skew-btn1\" href=\"\/kontakt\/#erstkontakt\"><span class=\"skew-fix\">Formular f\u00fcr Erstkontakt<\/span><\/a><br \/>\n<\/span><span class=\"button-row\"><br \/>\n<a class=\"skew-btn1\" href=\"\/kontakt\/#erstgespraech\"><span class=\"skew-fix\">Formular f\u00fcr Erstgespr\u00e4ch<\/span><\/a><br \/>\n<\/span><\/p>\n<\/div>\n<\/div><\/div><\/div><\/div><\/div>","protected":false},"excerpt":{"rendered":"<p>&nbsp; Umfassende Steuerberatung in M\u00fcnchen Tax services for companies<\/p>\n","protected":false},"author":2,"featured_media":0,"parent":0,"menu_order":400,"comment_status":"closed","ping_status":"closed","template":"","meta":[],"_links":{"self":[{"href":"https:\/\/www.steuerberaterin-huber.de\/en\/wp-json\/wp\/v2\/pages\/2900"}],"collection":[{"href":"https:\/\/www.steuerberaterin-huber.de\/en\/wp-json\/wp\/v2\/pages"}],"about":[{"href":"https:\/\/www.steuerberaterin-huber.de\/en\/wp-json\/wp\/v2\/types\/page"}],"author":[{"embeddable":true,"href":"https:\/\/www.steuerberaterin-huber.de\/en\/wp-json\/wp\/v2\/users\/2"}],"replies":[{"embeddable":true,"href":"https:\/\/www.steuerberaterin-huber.de\/en\/wp-json\/wp\/v2\/comments?post=2900"}],"version-history":[{"count":0,"href":"https:\/\/www.steuerberaterin-huber.de\/en\/wp-json\/wp\/v2\/pages\/2900\/revisions"}],"wp:attachment":[{"href":"https:\/\/www.steuerberaterin-huber.de\/en\/wp-json\/wp\/v2\/media?parent=2900"}],"curies":[{"name":"wp","href":"https:\/\/api.w.org\/{rel}","templated":true}]}}