{"id":2799,"date":"2020-04-29T22:23:51","date_gmt":"2020-04-29T20:23:51","guid":{"rendered":"https:\/\/www.steuerberaterin-huber.de\/?page_id=2799"},"modified":"2026-01-21T14:44:12","modified_gmt":"2026-01-21T13:44:12","slug":"startseite","status":"publish","type":"page","link":"https:\/\/www.steuerberaterin-huber.de\/en\/","title":{"rendered":"Home"},"content":{"rendered":"<div id=\"pl-2799\"  class=\"panel-layout\" ><div id=\"pg-2799-0\"  class=\"panel-grid panel-has-style\" ><div class=\"siteorigin-panels-stretch panel-row-style panel-row-style-for-2799-0\" data-stretch-type=\"full\" ><div id=\"pgc-2799-0-0\"  class=\"panel-grid-cell\" ><div id=\"panel-2799-0-0-0\" class=\"so-panel widget widget_media_image panel-first-child panel-last-child\" data-index=\"0\" ><div class=\"panel-widget-style panel-widget-style-for-2799-0-0-0\" ><img width=\"460\" height=\"472\" src=\"https:\/\/www.steuerberaterin-huber.de\/wp-content\/uploads\/2018\/05\/steuerkanzlei_huber_muenchen_start-e1525794168740-768x788.png\" class=\"image wp-image-2186  attachment-460x472 size-460x472\" alt=\"Steuerberaterin Alexia Huber und Wirtschaftspr\u00fcfer Uwe D\u00f6rnbrack | Steuerberatung Alexia Huber und Partner\" style=\"max-width: 100%; height: auto;\" srcset=\"https:\/\/www.steuerberaterin-huber.de\/wp-content\/uploads\/2018\/05\/steuerkanzlei_huber_muenchen_start-e1525794168740-768x788.png 768w, https:\/\/www.steuerberaterin-huber.de\/wp-content\/uploads\/2018\/05\/steuerkanzlei_huber_muenchen_start-e1525794168740-292x300.png 292w, https:\/\/www.steuerberaterin-huber.de\/wp-content\/uploads\/2018\/05\/steuerkanzlei_huber_muenchen_start-e1525794168740.png 799w\" sizes=\"(max-width: 460px) 100vw, 460px\" \/><\/div><\/div><\/div><div id=\"pgc-2799-0-1\"  class=\"panel-grid-cell\" ><div id=\"panel-2799-0-1-0\" class=\"so-panel widget widget_sow-editor panel-first-child\" data-index=\"1\" ><div class=\"so-widget-sow-editor so-widget-sow-editor-base\">\n<div class=\"siteorigin-widget-tinymce textwidget\">\n\t<p>&nbsp;<\/p>\n<h1><strong>Kompetente Steuerberatung in M\u00fcnchen f\u00fcr Ihre Bed\u00fcrfnisse<\/strong><\/h1>\n<\/div>\n<\/div><\/div><div id=\"panel-2799-0-1-1\" class=\"so-panel widget widget_sow-editor panel-last-child\" data-index=\"2\" ><div class=\"so-widget-sow-editor so-widget-sow-editor-base\">\n<div class=\"siteorigin-widget-tinymce textwidget\">\n\t<p>As tax consultants in our tax office in Munich, we fight for you at the forefront against the constantly increasing flood of new laws, regulations and judgments.<\/p>\n<p>The choice of a <strong>tax office \/ tax consultant<\/strong> is a decision of great importance for both companies and private individuals.<\/p>\n<p><img class=\"alignnone size-full wp-image-4638\" style=\"max-width: 200px; height: auto;float: right; margin-left: 1.5em;\" src=\"https:\/\/www.steuerberaterin-huber.de\/wp-content\/uploads\/2024\/12\/Capital_TaxAccounting-DE25_AHuber-Partner.png\" alt=\"\" width=\"917\" height=\"1096\" srcset=\"https:\/\/www.steuerberaterin-huber.de\/wp-content\/uploads\/2024\/12\/Capital_TaxAccounting-DE25_AHuber-Partner.png 917w, https:\/\/www.steuerberaterin-huber.de\/wp-content\/uploads\/2024\/12\/Capital_TaxAccounting-DE25_AHuber-Partner-251x300.png 251w, https:\/\/www.steuerberaterin-huber.de\/wp-content\/uploads\/2024\/12\/Capital_TaxAccounting-DE25_AHuber-Partner-857x1024.png 857w, https:\/\/www.steuerberaterin-huber.de\/wp-content\/uploads\/2024\/12\/Capital_TaxAccounting-DE25_AHuber-Partner-768x918.png 768w\" sizes=\"(max-width: 917px) 100vw, 917px\" \/>In addition to the appropriate personal chemistry and <strong>professional qualifications<\/strong> of the tax consultant, important decision criteria are the good, personal and <strong>trusting cooperation<\/strong>, the <strong>reliability<\/strong> and short-term <strong>availability<\/strong> of the tax consultant. As \"tax professionals\" here in Munich, we have many years of experience in providing our clients with tax advice and support. Our satisfied, long-standing clients speak for themselves. We are at your side for all questions concerning taxes in an unbureaucratic and solution-oriented manner.<\/p>\n<\/div>\n<\/div><\/div><\/div><\/div><\/div><div id=\"pg-2799-1\"  class=\"panel-grid panel-has-style\" ><div class=\"siteorigin-panels-stretch panel-row-style panel-row-style-for-2799-1\" data-stretch-type=\"full-stretched\" ><div id=\"pgc-2799-1-0\"  class=\"panel-grid-cell\" ><div id=\"panel-2799-1-0-0\" class=\"widget_text so-panel widget widget_custom_html panel-first-child panel-last-child\" data-index=\"3\" ><div class=\"widget_text panel-widget-style panel-widget-style-for-2799-1-0-0\" ><div class=\"textwidget custom-html-widget\"><div id=\"pgc-1931-1-0\" class=\"panel-grid-cell\" style=\"padding-left: 0px; padding-right: 0px;\"><div id=\"panel-1931-1-0-0\" class=\"widget_text so-panel widget widget_custom_html panel-first-child panel-last-child\" data-index=\"3\"><div class=\"widget_text panel-widget-style panel-widget-style-for-1931-1-0-0\"><div class=\"textwidget custom-html-widget\"><div style=\"width:100%;background-color:#6f3564;height:50px;\"><\/div><div class=\"section-flex\"><section class=\"flex-container\"><div class=\"left-half\"><article>\n\t<h2>Choose your scope of services<\/h2>\n\t<p class=\"p1\">We attach great importance to offering you - whether you are an entrepreneur or a private individual - individual tax advice tailored to your needs. We are happy to assist you as a reliable \"translator\" of tax laws.<\/p><p style=\"margin-top:40px;\"> <a class=\"skew-btn\" href=\"\/leistungen\/#privat\"> <span class=\"skew-fix\" style=\"width:233px;\">Tax services for private individuals<\/span> <\/a><\/p><p style=\"margin-top:20px;\"> <a class=\"skew-btn\" href=\"\/leistungen\/#unternehmen\"> <span class=\"skew-fix\" style=\"width:233px;\">Tax services for companies<\/span> <\/a><\/p><\/article><\/div><div class=\"right-half\"><\/div><\/section><\/div><div style=\"width:100%;background-color:#6f3564;height:50px;\"><\/div><\/div><\/div><\/div><\/div><\/div><\/div><\/div><\/div><\/div><\/div><div id=\"pg-2799-2\"  class=\"panel-grid panel-has-style\" ><div class=\"panel-row-style panel-row-style-for-2799-2\" ><div id=\"pgc-2799-2-0\"  class=\"panel-grid-cell\" ><div id=\"panel-2799-2-0-0\" class=\"widget_text so-panel widget widget_custom_html panel-first-child panel-last-child\" data-index=\"4\" ><div class=\"textwidget custom-html-widget\"><div class=\"panel-row-style panel-row-style-for-1931-2\"><div id=\"pgc-1931-2-0\" class=\"panel-grid-cell\"><div id=\"panel-1931-2-0-0\" class=\"so-panel widget widget_sow-editor panel-first-child\" data-index=\"4\"><div class=\"so-widget-sow-editor so-widget-sow-editor-base\"><div class=\"siteorigin-widget-tinymce textwidget\"><h2 class=\"farbe\">Our services as tax consultants<\/h2><\/div><\/div><\/div><div id=\"panel-1931-2-0-1\" class=\"widget_text so-panel widget widget_custom_html panel-last-child\" data-index=\"5\"><div class=\"textwidget custom-html-widget\"><div class=\"leistungenAuf\"><div class=\"row\"><div class=\"col-md-6\"><h3 class=\"farbe\">Tax Consultancy<\/h3><p>We advise you on all tax issues to minimize the tax burden for entrepreneurs, employees or cross-border commuters.<\/p> <a class=\"skew-btn1\" href=\"\/leistungen\/steuerberatung\/\"> <span class=\"skew-fix\">to tax consulting<\/span> <\/a><\/div><div class=\"col-md-6\"><h3 class=\"farbe\">Accounting &amp; Annual Accounts<\/h3><p>As an innovative partner, we support you in accounting, bookkeeping or digital voucher posting.<\/p> <a class=\"skew-btn1\" href=\"\/leistungen\/buchfuehrung-buchhaltung-und-jahresabschluss\/\"> <span class=\"skew-fix\">Accounting &amp; Annual Accounts<\/span> <\/a><\/div><\/div><div class=\"row\"><div class=\"col-md-6\"><h3 class=\"farbe\">Tax returns<\/h3><p>We prepare tax returns for employees and entrepreneurs and advise you competently in all tax matters.<\/p> <a class=\"skew-btn1\" href=\"\/leistungen\/steuererklaerungen\/\"> <span class=\"skew-fix\">Tax returns<\/span> <\/a><\/div><div class=\"col-md-6\"><h3 class=\"farbe\">International tax law<\/h3><p>Comprehensive advice in international tax law, for cross-border commuters and for international activities.<\/p> <a class=\"skew-btn1\" href=\"\/leistungen\/internationales-steuerrecht\/\"> <span class=\"skew-fix\">International tax law<\/span> <\/a><\/div><\/div><div class=\"row\"><div class=\"col-md-6\"><h3 class=\"farbe\">Business start-up<\/h3><p>We support you in your step into self-employment with comprehensive advice.<\/p> <a class=\"skew-btn1\" href=\"\/leistungen\/existenzgruendung\/\"> <span class=\"skew-fix\">Information on setting up your own business<\/span> <\/a><\/div><div class=\"col-md-6\"><h3 class=\"farbe\">Business consulting<\/h3><p>We advise you comprehensively on all business topics from financing to company succession.<\/p> <a class=\"skew-btn1\" href=\"\/leistungen\/unternehmensberatung\/\"> <span class=\"skew-fix\">Business consulting<\/span> <\/a><\/div><\/div><div class=\"row\"><div class=\"col-md-6\"><h3 class=\"farbe\">Expert opinion, advice, information<\/h3><p>We are at your disposal, to assist you comprehensively and competently with words and deeds, also in English.<\/p> <a class=\"skew-btn1\" href=\"\/leistungen\/gutachten-rat-auskunft\/\"> <span class=\"skew-fix\">to the expert opinions<\/span> <\/a><\/div><div class=\"col-md-6\"><h3 class=\"farbe\">Inheritance of property<\/h3><p>We provide you with competent support on the subject of inheritance tax on real estate. Of course also in English<\/p> <a class=\"skew-btn1\" href=\"\/en\/services\/inheritance-of-property\/\"> <span class=\"skew-fix\">to inheritance of property<\/span> <\/a><\/div><\/div><\/div><\/div><\/div><\/div><\/div><\/div><\/div><\/div><\/div><\/div><div id=\"pg-2799-3\"  class=\"panel-grid panel-has-style\" ><div class=\"panel-row-style panel-row-style-for-2799-3\" ><div id=\"pgc-2799-3-0\"  class=\"panel-grid-cell\" ><div id=\"panel-2799-3-0-0\" class=\"so-panel widget widget_sow-editor panel-first-child panel-last-child\" data-index=\"5\" ><div class=\"so-widget-sow-editor so-widget-sow-editor-base\">\n<div class=\"siteorigin-widget-tinymce textwidget\">\n\t<p>\t<img src=\"https:\/\/www.steuerberaterin-huber.de\/wp-content\/uploads\/2018\/01\/datevlogo.png\" alt=\"DATEV Digitales Belegbuchen\"><\/p>\n<\/div>\n<\/div><\/div><\/div><div id=\"pgc-2799-3-1\"  class=\"panel-grid-cell\" ><div id=\"panel-2799-3-1-0\" class=\"so-panel widget widget_sow-editor panel-first-child panel-last-child\" data-index=\"6\" ><div class=\"so-widget-sow-editor so-widget-sow-editor-base\">\n<div class=\"siteorigin-widget-tinymce textwidget\">\n\t<h2 class=\"farbe\"><strong>Online bookkeeping \/ digital voucher booking<\/strong><\/h2>\n<p>We take over the complete, careful and on time handling of all accounting work, including advance VAT returns. In the course of digitisation, the DATEV software \"Unternehmen online\", which we use, offers uncomplicated methods for recording all receipts and for creating an online accounting system. In the case of self-bookers, we take over your data and import it into our system.<\/p>\n<p><a href=\"\/leistungen\/buchfuehrung-online-digitales-belegbuchen\/\" class=\"skew-btn1\"><span class=\"skew-fix\">To the accounting service<\/span><\/a><\/p>\n<\/div>\n<\/div><\/div><\/div><\/div><\/div><div id=\"pg-2799-4\"  class=\"panel-grid panel-has-style\" ><div class=\"inverted siteorigin-panels-stretch panel-row-style panel-row-style-for-2799-4\" data-stretch-type=\"full-stretched\" ><div id=\"pgc-2799-4-0\"  class=\"panel-grid-cell\" ><div id=\"panel-2799-4-0-0\" class=\"so-panel widget widget_sow-editor panel-first-child panel-last-child\" data-index=\"7\" ><div class=\"so-widget-sow-editor so-widget-sow-editor-base\">\n<div class=\"siteorigin-widget-tinymce textwidget\">\n\t<div style=\"width: 100%; background-color: #6f3564; height: 50px; margin-bottom: 30px;\"><\/div>\n<div class=\"schranke\">\n<h3>About our tax office in Munich<\/h3>\n<p>For many companies and private individuals, monthly payroll and financial accounting, annual financial statements or annual tax returns are rather unpleasant necessities.<\/p>\n<p>This is due to the complexity and ongoing changes in tax law. Here it is often important to avoid fatal mistakes. At the same time, opportunities for design must be exploited in order to minimize tax burdens. Even our private clients often face great challenges with their annual tax returns.<\/p>\n<p>Direct accessibility and presence are important to us. You will find our office near the Mittlerer Ring in Munich's busy Schwanthalerh\u00f6he-Laim district, on Friedenheimer bridge. The S-Bahn stop Hirschgarten is located right in front of the building. Free parking spaces are available in the underground car park.<\/p>\n<p>We would be delighted to welcome you to our tax office in Munich!<\/p>\n<\/div>\n<div style=\"width: 100%; background-color: #6f3564; height: 50px; margin-top: 30px;\"><\/div>\n<\/div>\n<\/div><\/div><\/div><\/div><\/div><div id=\"pg-2799-5\"  class=\"panel-grid panel-has-style\" ><div class=\"panel-row-style panel-row-style-for-2799-5\" ><div id=\"pgc-2799-5-0\"  class=\"panel-grid-cell\" ><div id=\"panel-2799-5-0-0\" class=\"so-panel widget widget_sow-editor panel-first-child panel-last-child\" data-index=\"8\" ><div class=\"so-widget-sow-editor so-widget-sow-editor-base\">\n<div class=\"siteorigin-widget-tinymce textwidget\">\n\t<h2 class=\"farbe\">We are at your side with words and deeds<\/h2>\n<h3 class=\"farbe\">Simply contact us via our contact form or give us a call<\/h3>\n<p>Output and its equivalent should be in harmony within the scope of tax consultancy and management consultancy as well as consultancy for business start-ups. We will be happy to advise you.<\/p>\n<p>The satisfaction of our clients is our top priority. Together we will examine your tax situation in an initial consultation and advise you individually on your tax issues. Contact us via our initial consultation form.<\/p>\n<p>&nbsp;<\/p>\n<\/div>\n<\/div><\/div><\/div><div id=\"pgc-2799-5-1\"  class=\"panel-grid-cell\" ><div id=\"panel-2799-5-1-0\" class=\"so-panel widget widget_media_image panel-first-child panel-last-child\" data-index=\"9\" ><img width=\"270\" height=\"300\" src=\"https:\/\/www.steuerberaterin-huber.de\/wp-content\/uploads\/2022\/02\/steuerkanzlei_alexia_huber_uwe_doernbrack-270x300.png\" class=\"image wp-image-3614  attachment-medium size-medium\" alt=\"\" style=\"max-width: 100%; height: auto;\" srcset=\"https:\/\/www.steuerberaterin-huber.de\/wp-content\/uploads\/2022\/02\/steuerkanzlei_alexia_huber_uwe_doernbrack-270x300.png 270w, https:\/\/www.steuerberaterin-huber.de\/wp-content\/uploads\/2022\/02\/steuerkanzlei_alexia_huber_uwe_doernbrack.png 600w\" sizes=\"(max-width: 270px) 100vw, 270px\" \/><\/div><\/div><\/div><\/div><div id=\"pg-2799-6\"  class=\"panel-grid panel-has-style\" ><div class=\"panel-row-style panel-row-style-for-2799-6\" ><div id=\"pgc-2799-6-0\"  class=\"panel-grid-cell\" ><div id=\"panel-2799-6-0-0\" class=\"so-panel widget widget_sow-editor panel-first-child panel-last-child\" data-index=\"10\" ><div class=\"so-widget-sow-editor so-widget-sow-editor-base\">\n<div class=\"siteorigin-widget-tinymce textwidget\">\n\t<p><span class=\"button-row\"><br \/>\n<a class=\"skew-btn1\" href=\"tel:+4989121932800\"><span class=\"skew-fix\"><i class=\"icon dripicons-phone hvr-buzz-out\" style=\"margin-top: -5px; padding-right: 5px;\"><\/i> +49 89 121932800<\/span><\/a><br \/>\n<\/span><span class=\"button-row\"><br \/>\n<a class=\"skew-btn1\" href=\"https:\/\/www.steuerberaterin-huber.de\/en\/contact\/#erstkontakt\"><span class=\"skew-fix\">Form for first contact<\/span><\/a><br \/>\n<\/span><span class=\"button-row\"><br \/>\n<a class=\"skew-btn1\" href=\"https:\/\/www.steuerberaterin-huber.de\/en\/contact\/#erstgespraech\"><span class=\"skew-fix\">Form for initial consultation<\/span><\/a><br \/>\n<\/span><\/p>\n<\/div>\n<\/div><\/div><\/div><\/div><\/div><\/div>","protected":false},"excerpt":{"rendered":"<p>&nbsp; Kompetente Steuerberatung in M\u00fcnchen f\u00fcr Ihre Bed\u00fcrfnisse As tax consultants in our tax office in Munich, we fight for you at the forefront against the constantly increasing flood of new laws, regulations and judgments. The choice of a tax office \/ tax consultant is a decision of great importance for both companies and private [&hellip;]<\/p>\n","protected":false},"author":2,"featured_media":0,"parent":0,"menu_order":-1,"comment_status":"closed","ping_status":"closed","template":"","meta":[],"_links":{"self":[{"href":"https:\/\/www.steuerberaterin-huber.de\/en\/wp-json\/wp\/v2\/pages\/2799"}],"collection":[{"href":"https:\/\/www.steuerberaterin-huber.de\/en\/wp-json\/wp\/v2\/pages"}],"about":[{"href":"https:\/\/www.steuerberaterin-huber.de\/en\/wp-json\/wp\/v2\/types\/page"}],"author":[{"embeddable":true,"href":"https:\/\/www.steuerberaterin-huber.de\/en\/wp-json\/wp\/v2\/users\/2"}],"replies":[{"embeddable":true,"href":"https:\/\/www.steuerberaterin-huber.de\/en\/wp-json\/wp\/v2\/comments?post=2799"}],"version-history":[{"count":0,"href":"https:\/\/www.steuerberaterin-huber.de\/en\/wp-json\/wp\/v2\/pages\/2799\/revisions"}],"wp:attachment":[{"href":"https:\/\/www.steuerberaterin-huber.de\/en\/wp-json\/wp\/v2\/media?parent=2799"}],"curies":[{"name":"wp","href":"https:\/\/api.w.org\/{rel}","templated":true}]}}